{"id":10146,"date":"2023-07-31T18:14:35","date_gmt":"2023-07-31T18:14:35","guid":{"rendered":"https:\/\/www.plugandgo.es\/?page_id=10146"},"modified":"2026-01-10T13:37:35","modified_gmt":"2026-01-10T13:37:35","slug":"declaracion-de-accesibilidad","status":"publish","type":"page","link":"https:\/\/www.plugandgo.es\/en\/declaracion-de-accesibilidad\/","title":{"rendered":"Accessibility Statement"},"content":{"rendered":"\t\t<div data-elementor-type=\"wp-page\" data-elementor-id=\"10146\" class=\"elementor elementor-10146\" data-elementor-post-type=\"page\">\n\t\t\t\t\t\t<section class=\"elementor-section elementor-top-section elementor-element elementor-element-6621935 elementor-section-boxed elementor-section-height-default elementor-section-height-default\" data-id=\"6621935\" data-element_type=\"section\" data-e-type=\"section\">\n\t\t\t\t\t\t<div class=\"elementor-container elementor-column-gap-default\">\n\t\t\t\t\t<div class=\"elementor-column elementor-col-100 elementor-top-column elementor-element elementor-element-c318076\" data-id=\"c318076\" data-element_type=\"column\" data-e-type=\"column\">\n\t\t\t<div class=\"elementor-widget-wrap elementor-element-populated\">\n\t\t\t\t\t\t<div class=\"elementor-element elementor-element-aa7807f elementor-widget elementor-widget-heading\" data-id=\"aa7807f\" data-element_type=\"widget\" data-e-type=\"widget\" data-widget_type=\"heading.default\">\n\t\t\t\t<div class=\"elementor-widget-container\">\n\t\t\t\t\t<h1 class=\"elementor-heading-title elementor-size-default\">Accessibility Statement<\/h1>\t\t\t\t<\/div>\n\t\t\t\t<\/div>\n\t\t\t\t<div class=\"elementor-element elementor-element-16e5052 elementor-widget elementor-widget-text-editor\" data-id=\"16e5052\" data-element_type=\"widget\" data-e-type=\"widget\" data-widget_type=\"text-editor.default\">\n\t\t\t\t<div class=\"elementor-widget-container\">\n\t\t\t\t\t\t\t\t\t<b>plug&amp;go is committed to making its website accessible in accordance with <\/b>\n<a title=\"View Royal Decree\" href=\"https:\/\/www.boe.es\/diario_boe\/txt.php?id=BOE-A-2018-12699\" target=\"_blank\" rel=\"noopener\">\n  <b><u>Royal Decree 1112\/2018<\/u><\/b>\n<\/a>\n<b>, on the accessibility of public sector websites and mobile applications.<\/b>\n\n<p>This accessibility statement applies to the website plugandgo.es<\/p>\n\n<h2>COMPLIANCE STATUS<\/h2>\n<p>This website is partially compliant with <a title=\"View Royal Decree\" href=\"https:\/\/www.boe.es\/diario_boe\/txt.php?id=BOE-A-2018-12699\" target=\"_blank\" rel=\"noopener\"><u>Royal Decree 1112\/2018<\/u><\/a> due to the non-compliance of the aspects listed below.<\/p>\n\n&nbsp;\n\n<h3>Non-accessible content<\/h3>\n<p>The content listed below is not accessible for the following reasons:<\/p>\n\n&nbsp;\n\n<h3>Non-compliance with Royal Decree 1112\/2018<\/h3>\n<ul>\n  <li>Some images may be found without accompanying descriptive text.<\/li>\n  <li>Incorrect nesting of HTML tags may still be present.<\/li>\n  <li>There may be page editing errors.<\/li>\n  <li>Checkpoint 9.1.4.10 may not work properly in some contexts, as there are words formatted as #hashtags in the menu that generate horizontal scrolling.<\/li>\n  <li>Checkpoint 9.2.1.2 fails because the header is hidden and requires vertical scrolling to appear. This is done to gain navigation space.<\/li>\n<\/ul>\n\n<h3>Disproportionate burden<\/h3>\n<ul>\n  <li>Not applicable.<\/li>\n<\/ul>\n\n<h3>Content not within the scope of applicable legislation<\/h3>\n<ul>\n  <li>There are office document files in PDF format that do not fully meet all accessibility requirements.<\/li>\n<\/ul>\n\n<p>This statement was prepared on July 31, 2023.<\/p>\n\n<p>The method used to prepare this statement was a self-assessment carried out by the accessibility team.<\/p>\n\n<p>Last review of the statement: July 31, 2023.<\/p>\n\n&nbsp;\n\n<h2>Feedback and contact details<\/h2>\n<p>You may submit communications regarding accessibility requirements (Article 10.2.a of Royal Decree 1112\/2018), such as:<\/p>\n<ul>\n  <li>Reporting any possible non-compliance by this website.<\/li>\n  <li>Communicating other difficulties in accessing content.<\/li>\n  <li>Submitting any other queries or suggestions for improving the accessibility of the website.<\/li>\n<\/ul>\n\n<p>Through our contact mailbox: <a href=\"mailto:info@plugandgo.es\"><u>info@plugandgo.es<\/u><\/a>.<\/p>\n\t\t\t\t\t\t\t\t<\/div>\n\t\t\t\t<\/div>\n\t\t\t\t\t<\/div>\n\t\t<\/div>\n\t\t\t\t\t<\/div>\n\t\t<\/section>\n\t\t\t\t<\/div>\n\t\t","protected":false},"excerpt":{"rendered":"<p>Declaraci\u00f3n de Accesbilidad plug&amp;go se compromete en hacer accesible su sitio web de conformidad con el Real Decreto 1112\/2018, sobre accesibilidad de los sitios webs y aplicaciones para dispositivos m\u00f3viles del sector p\u00fablico. La presente declaraci\u00f3n de accesibilidad se aplica al sitio web plugandgo.es SITUACI\u00d3N DE CUMPLIMIENTO Este sitio web es parcialmente conforme con el\u00a0RD [&hellip;]<\/p>\n","protected":false},"author":1,"featured_media":0,"parent":0,"menu_order":0,"comment_status":"closed","ping_status":"closed","template":"","meta":{"footnotes":""},"class_list":["post-10146","page","type-page","status-publish","hentry"],"_links":{"self":[{"href":"https:\/\/www.plugandgo.es\/en\/wp-json\/wp\/v2\/pages\/10146","targetHints":{"allow":["GET"]}}],"collection":[{"href":"https:\/\/www.plugandgo.es\/en\/wp-json\/wp\/v2\/pages"}],"about":[{"href":"https:\/\/www.plugandgo.es\/en\/wp-json\/wp\/v2\/types\/page"}],"author":[{"embeddable":true,"href":"https:\/\/www.plugandgo.es\/en\/wp-json\/wp\/v2\/users\/1"}],"replies":[{"embeddable":true,"href":"https:\/\/www.plugandgo.es\/en\/wp-json\/wp\/v2\/comments?post=10146"}],"version-history":[{"count":4,"href":"https:\/\/www.plugandgo.es\/en\/wp-json\/wp\/v2\/pages\/10146\/revisions"}],"predecessor-version":[{"id":11553,"href":"https:\/\/www.plugandgo.es\/en\/wp-json\/wp\/v2\/pages\/10146\/revisions\/11553"}],"wp:attachment":[{"href":"https:\/\/www.plugandgo.es\/en\/wp-json\/wp\/v2\/media?parent=10146"}],"curies":[{"name":"wp","href":"https:\/\/api.w.org\/{rel}","templated":true}]}}