{"id":10304,"date":"2023-12-06T08:31:01","date_gmt":"2023-12-06T08:31:01","guid":{"rendered":"https:\/\/www.plugandgo.es\/?page_id=10304"},"modified":"2026-01-10T13:24:23","modified_gmt":"2026-01-10T13:24:23","slug":"politica-de-calidad-y-medioambiente","status":"publish","type":"page","link":"https:\/\/www.plugandgo.es\/en\/politica-de-calidad-y-medioambiente\/","title":{"rendered":"Quality and Environmental Policy"},"content":{"rendered":"\t\t<div data-elementor-type=\"wp-page\" data-elementor-id=\"10304\" class=\"elementor elementor-10304\" data-elementor-post-type=\"page\">\n\t\t\t\t\t\t<section class=\"elementor-section elementor-top-section elementor-element elementor-element-cdc0aab elementor-section-boxed elementor-section-height-default elementor-section-height-default\" data-id=\"cdc0aab\" data-element_type=\"section\" data-e-type=\"section\">\n\t\t\t\t\t\t<div class=\"elementor-container elementor-column-gap-default\">\n\t\t\t\t\t<div class=\"elementor-column elementor-col-100 elementor-top-column elementor-element elementor-element-abc1721\" data-id=\"abc1721\" data-element_type=\"column\" data-e-type=\"column\">\n\t\t\t<div class=\"elementor-widget-wrap elementor-element-populated\">\n\t\t\t\t\t\t<div class=\"elementor-element elementor-element-5c4d7ba elementor-widget elementor-widget-heading\" data-id=\"5c4d7ba\" data-element_type=\"widget\" data-e-type=\"widget\" data-widget_type=\"heading.default\">\n\t\t\t\t\t<h1 class=\"elementor-heading-title elementor-size-default\">Pol\u00edtica de Calidad y Medioambiente<\/h1>\t\t\t\t<\/div>\n\t\t\t\t\t<\/div>\n\t\t<\/div>\n\t\t\t\t\t<\/div>\n\t\t<\/section>\n\t\t\t\t<section class=\"elementor-section elementor-top-section elementor-element elementor-element-284ed17 elementor-section-boxed elementor-section-height-default elementor-section-height-default\" data-id=\"284ed17\" data-element_type=\"section\" data-e-type=\"section\">\n\t\t\t\t\t\t<div class=\"elementor-container elementor-column-gap-default\">\n\t\t\t\t\t<div class=\"elementor-column elementor-col-50 elementor-top-column elementor-element elementor-element-6fc0449\" data-id=\"6fc0449\" data-element_type=\"column\" data-e-type=\"column\">\n\t\t\t<div class=\"elementor-widget-wrap elementor-element-populated\">\n\t\t\t\t\t\t<div class=\"elementor-element elementor-element-96db506 elementor-widget elementor-widget-text-editor\" data-id=\"96db506\" data-element_type=\"widget\" data-e-type=\"widget\" data-widget_type=\"text-editor.default\">\n\t\t\t\t\t\t\t\t\t<p><strong>PLUG&amp;GO<\/strong> entiende que la implantaci\u00f3n de un Sistema de Calidad y Medio Ambiente de acuerdo con las normas UNE-EN-ISO 9001 y UNE-EN-ISO 14001 es un paso fundamental para alcanzar las expectativas de sus clientes como objetivo b\u00e1sico que debe perseguirse para mantener y mejorar su competitividad, teniendo en cuenta e integrando para su consecuci\u00f3n la cultura del respeto y protecci\u00f3n del entorno.<\/p><p>Satisfacer las expectativas de los clientes significa para <strong>PLUG&amp;GO<\/strong> poder ofrecer, en cumplimiento con las necesidades de seguridad y compromisos adquiridos para con el medio ambiente, productos y servicios que posean caracter\u00edsticas t\u00e9cnicas y de calidad sobresalientes, as\u00ed como contemplar la mejora continua de los mismos, con objeto de garantizar la m\u00e1xima rentabilidad de nuestro servicios.<\/p><p>Para el desarrollo de estas actividades, <strong>PLUG&amp;GO<\/strong> aplicar\u00e1, cuando y donde sea posible, los principios de prevenci\u00f3n de la contaminaci\u00f3n y protecci\u00f3n del medio ambiente, especialmente en aquellas actividades con incidencia en la contaminaci\u00f3n de suelos y aguas, sobre todo en lo referente al tratamiento de residuos que se generan, y se asegurar\u00e1 del cumplimiento de la legislaci\u00f3n y tiene como objetivo la mejora continua de la eficacia de su Sistema de Calidad y Medio Ambiente, a trav\u00e9s de las sucesivas revisiones del mismo.<\/p><p>La motivaci\u00f3n, la educaci\u00f3n y la formaci\u00f3n ser\u00e1n las herramientas fundamentales para mejorar las capacidades y el comportamiento ambiental de los trabajadores, y de todo aquel que trabaje o pudiera trabajar en nombre de <strong>PLUG&amp;GO<\/strong>, y su toma de conciencia en materia de calidad y medio ambiente, adem\u00e1s de constituir el medio ideal para crear un clima de cooperaci\u00f3n y comunicaci\u00f3n fruct\u00edfera entre todos los Departamentos de <strong>PLUG&amp;GO<\/strong> y sus proveedores. La Direcci\u00f3n de <strong>PLUG&amp;GO<\/strong> asume el compromiso, responsabilidades y metas que de esta Pol\u00edtica de Calidad y Medio Ambiente se derivan, mediante la adopci\u00f3n de los instrumentos y herramientas<br \/>especificados en el Sistema de Calidad y Medio Ambiente.<\/p><p>La Pol\u00edtica de Calidad y Medio Ambiente nos sirve como marco para el establecimiento de nuestros objetivos, la cual estar\u00e1 a disposici\u00f3n del p\u00fablico as\u00ed como de las empresas subcontratadas.\u00a0<\/p><p><em>La direcci\u00f3n, Noviembre 2023<\/em><\/p>\t\t\t\t\t\t\t\t<\/div>\n\t\t\t\t\t<\/div>\n\t\t<\/div>\n\t\t\t\t<div class=\"elementor-column elementor-col-50 elementor-top-column elementor-element elementor-element-0b0dcc6\" data-id=\"0b0dcc6\" data-element_type=\"column\" data-e-type=\"column\">\n\t\t\t<div class=\"elementor-widget-wrap elementor-element-populated\">\n\t\t\t\t\t\t<div class=\"elementor-element elementor-element-baff7af elementor-widget elementor-widget-image\" data-id=\"baff7af\" data-element_type=\"widget\" data-e-type=\"widget\" data-widget_type=\"image.default\">\n\t\t\t\t\t\t\t\t\t\t\t\t\t\t\t<img fetchpriority=\"high\" decoding=\"async\" width=\"683\" height=\"1024\" src=\"https:\/\/www.plugandgo.es\/wp-content\/uploads\/2021\/06\/2028-104-2-687x1030-1-683x1024.jpg\" class=\"attachment-large size-large wp-image-5530\" alt=\"trabajo h\u00edbrido\" srcset=\"https:\/\/www.plugandgo.es\/wp-content\/uploads\/2021\/06\/2028-104-2-687x1030-1-683x1024.jpg 683w, https:\/\/www.plugandgo.es\/wp-content\/uploads\/2021\/06\/2028-104-2-687x1030-1-200x300.jpg 200w, https:\/\/www.plugandgo.es\/wp-content\/uploads\/2021\/06\/2028-104-2-687x1030-1-458x686.jpg 458w, https:\/\/www.plugandgo.es\/wp-content\/uploads\/2021\/06\/2028-104-2-687x1030-1.jpg 687w\" sizes=\"(max-width: 683px) 100vw, 683px\" \/>\t\t\t\t\t\t\t\t\t\t\t\t\t\t\t<\/div>\n\t\t\t\t\t<\/div>\n\t\t<\/div>\n\t\t\t\t\t<\/div>\n\t\t<\/section>\n\t\t\t\t<\/div>\n\t\t","protected":false},"excerpt":{"rendered":"<p>Company environmental policy.<\/p>\n","protected":false},"author":1,"featured_media":0,"parent":0,"menu_order":0,"comment_status":"closed","ping_status":"closed","template":"","meta":{"footnotes":""},"class_list":["post-10304","page","type-page","status-publish","hentry"],"_links":{"self":[{"href":"https:\/\/www.plugandgo.es\/en\/wp-json\/wp\/v2\/pages\/10304","targetHints":{"allow":["GET"]}}],"collection":[{"href":"https:\/\/www.plugandgo.es\/en\/wp-json\/wp\/v2\/pages"}],"about":[{"href":"https:\/\/www.plugandgo.es\/en\/wp-json\/wp\/v2\/types\/page"}],"author":[{"embeddable":true,"href":"https:\/\/www.plugandgo.es\/en\/wp-json\/wp\/v2\/users\/1"}],"replies":[{"embeddable":true,"href":"https:\/\/www.plugandgo.es\/en\/wp-json\/wp\/v2\/comments?post=10304"}],"version-history":[{"count":14,"href":"https:\/\/www.plugandgo.es\/en\/wp-json\/wp\/v2\/pages\/10304\/revisions"}],"predecessor-version":[{"id":11526,"href":"https:\/\/www.plugandgo.es\/en\/wp-json\/wp\/v2\/pages\/10304\/revisions\/11526"}],"wp:attachment":[{"href":"https:\/\/www.plugandgo.es\/en\/wp-json\/wp\/v2\/media?parent=10304"}],"curies":[{"name":"wp","href":"https:\/\/api.w.org\/{rel}","templated":true}]}}