{"id":7325,"date":"2023-05-20T11:57:50","date_gmt":"2023-05-20T11:57:50","guid":{"rendered":"https:\/\/www.plugandgo.es\/?page_id=7325"},"modified":"2026-01-10T13:27:36","modified_gmt":"2026-01-10T13:27:36","slug":"contacto","status":"publish","type":"page","link":"https:\/\/www.plugandgo.es\/en\/contacto\/","title":{"rendered":"Contact"},"content":{"rendered":"\t\t<div data-elementor-type=\"wp-page\" data-elementor-id=\"7325\" class=\"elementor elementor-7325\" data-elementor-post-type=\"page\">\n\t\t\t\t\t\t<section class=\"elementor-section elementor-top-section elementor-element elementor-element-45533a5 elementor-section-height-min-height header-transparent elementor-section-boxed elementor-section-height-default elementor-section-items-middle\" data-id=\"45533a5\" data-element_type=\"section\" data-e-type=\"section\" data-settings=\"{&quot;background_background&quot;:&quot;classic&quot;}\">\n\t\t\t\t\t\t\t<div class=\"elementor-background-overlay\"><\/div>\n\t\t\t\t\t\t\t<div class=\"elementor-container elementor-column-gap-default\">\n\t\t\t\t\t<div class=\"elementor-column elementor-col-100 elementor-top-column elementor-element elementor-element-d4a082f\" data-id=\"d4a082f\" data-element_type=\"column\" data-e-type=\"column\">\n\t\t\t<div class=\"elementor-widget-wrap\">\n\t\t\t\t\t\t\t<\/div>\n\t\t<\/div>\n\t\t\t\t\t<\/div>\n\t\t<\/section>\n\t\t\t\t<section class=\"elementor-section elementor-top-section elementor-element elementor-element-a4daacc elementor-section-boxed elementor-section-height-default elementor-section-height-default\" data-id=\"a4daacc\" data-element_type=\"section\" data-e-type=\"section\">\n\t\t\t\t\t\t<div class=\"elementor-container elementor-column-gap-no\">\n\t\t\t\t\t<div class=\"elementor-column elementor-col-100 elementor-top-column elementor-element elementor-element-7f69129\" data-id=\"7f69129\" data-element_type=\"column\" data-e-type=\"column\">\n\t\t\t<div class=\"elementor-widget-wrap elementor-element-populated\">\n\t\t\t\t\t\t<div class=\"elementor-element elementor-element-4cd8964 elementor-widget-divider--view-line elementor-widget elementor-widget-divider\" data-id=\"4cd8964\" data-element_type=\"widget\" data-e-type=\"widget\" data-widget_type=\"divider.default\">\n\t\t\t\t\t\t\t<div class=\"elementor-divider\">\n\t\t\t<span class=\"elementor-divider-separator\">\n\t\t\t\t\t\t<\/span>\n\t\t<\/div>\n\t\t\t\t\t\t<\/div>\n\t\t\t\t<div class=\"elementor-element elementor-element-44a13e2 twe elementor-widget elementor-widget-heading\" data-id=\"44a13e2\" data-element_type=\"widget\" data-e-type=\"widget\" data-widget_type=\"heading.default\">\n\t\t\t\t\t<h1 class=\"elementor-heading-title elementor-size-default\">contacto<\/h1>\t\t\t\t<\/div>\n\t\t\t\t\t<\/div>\n\t\t<\/div>\n\t\t\t\t\t<\/div>\n\t\t<\/section>\n\t\t\t\t<section class=\"elementor-section elementor-top-section elementor-element elementor-element-9112eb6 elementor-section-boxed elementor-section-height-default elementor-section-height-default\" data-id=\"9112eb6\" data-element_type=\"section\" data-e-type=\"section\">\n\t\t\t\t\t\t<div class=\"elementor-container elementor-column-gap-no\">\n\t\t\t\t\t<div class=\"elementor-column elementor-col-50 elementor-top-column elementor-element elementor-element-7f1a207\" data-id=\"7f1a207\" data-element_type=\"column\" data-e-type=\"column\">\n\t\t\t<div class=\"elementor-widget-wrap elementor-element-populated\">\n\t\t\t\t\t\t<section class=\"elementor-section elementor-inner-section elementor-element elementor-element-61410ab elementor-section-full_width elementor-section-height-default elementor-section-height-default elementor-invisible\" data-id=\"61410ab\" data-element_type=\"section\" data-e-type=\"section\" data-settings=\"{&quot;animation&quot;:&quot;fadeIn&quot;}\">\n\t\t\t\t\t\t<div class=\"elementor-container elementor-column-gap-no\">\n\t\t\t\t\t<div class=\"elementor-column elementor-col-100 elementor-inner-column elementor-element elementor-element-fcfd133\" data-id=\"fcfd133\" data-element_type=\"column\" data-e-type=\"column\">\n\t\t\t<div class=\"elementor-widget-wrap elementor-element-populated\">\n\t\t\t\t\t\t<div class=\"elementor-element elementor-element-c380eb1 elementor-widget elementor-widget-text-editor\" data-id=\"c380eb1\" data-element_type=\"widget\" data-e-type=\"widget\" data-widget_type=\"text-editor.default\">\n\t\t\t\t\t\t\t\t\t<p><a href=\"mailto:info@plugandgo.es\">info@plugandgo.es<\/a><\/p>\t\t\t\t\t\t\t\t<\/div>\n\t\t\t\t<div class=\"elementor-element elementor-element-c60a099 elementor-widget elementor-widget-text-editor\" data-id=\"c60a099\" data-element_type=\"widget\" data-e-type=\"widget\" data-widget_type=\"text-editor.default\">\n\t\t\t\t\t\t\t\t\t<p><a href=\"tel:+34914384599\">+34 91 438 45 99<\/a><\/p>\t\t\t\t\t\t\t\t<\/div>\n\t\t\t\t\t<\/div>\n\t\t<\/div>\n\t\t\t\t\t<\/div>\n\t\t<\/section>\n\t\t\t\t<section class=\"elementor-section elementor-inner-section elementor-element elementor-element-43618f4 elementor-section-full_width elementor-section-height-default elementor-section-height-default elementor-invisible\" data-id=\"43618f4\" data-element_type=\"section\" data-e-type=\"section\" data-settings=\"{&quot;animation&quot;:&quot;fadeInUp&quot;}\">\n\t\t\t\t\t\t<div class=\"elementor-container elementor-column-gap-no\">\n\t\t\t\t\t<div class=\"elementor-column elementor-col-100 elementor-inner-column elementor-element elementor-element-f940a79\" data-id=\"f940a79\" data-element_type=\"column\" data-e-type=\"column\">\n\t\t\t<div class=\"elementor-widget-wrap elementor-element-populated\">\n\t\t\t\t\t\t<div class=\"elementor-element elementor-element-66438db elementor-widget elementor-widget-heading\" data-id=\"66438db\" data-element_type=\"widget\" data-e-type=\"widget\" data-widget_type=\"heading.default\">\n\t\t\t\t\t<h2 class=\"elementor-heading-title elementor-size-default\">Madrid, Espa\u00f1a<\/h2>\t\t\t\t<\/div>\n\t\t\t\t<div class=\"elementor-element elementor-element-4d8df1a elementor-widget elementor-widget-button\" data-id=\"4d8df1a\" data-element_type=\"widget\" data-e-type=\"widget\" data-widget_type=\"button.default\">\n\t\t\t\t\t\t\t\t\t\t<a class=\"elementor-button elementor-button-link elementor-size-lg\" href=\"https:\/\/www.google.com\/maps\/place\/plug%26go\/@40.4867956,-3.6658753,15z\/data=!4m6!3m5!1s0xd422c68a6281f75:0x5c2665d13ae7f554!8m2!3d40.4867956!4d-3.6658753!16s%2Fg%2F11bwfztdhq\" target=\"_blank\" rel=\"noopener\">\n\t\t\t\t\t\t<span class=\"elementor-button-content-wrapper\">\n\t\t\t\t\t\t<span class=\"elementor-button-icon\">\n\t\t\t\t<i aria-hidden=\"true\" class=\"fas fa-long-arrow-alt-right\"><\/i>\t\t\t<\/span>\n\t\t\t\t\t\t\t\t\t<span class=\"elementor-button-text\">Ver ubicaci\u00f3n<\/span>\n\t\t\t\t\t<\/span>\n\t\t\t\t\t<\/a>\n\t\t\t\t\t\t\t\t<\/div>\n\t\t\t\t<div class=\"elementor-element elementor-element-dc6ec1e elementor-widget elementor-widget-text-editor\" data-id=\"dc6ec1e\" data-element_type=\"widget\" data-e-type=\"widget\" data-widget_type=\"text-editor.default\">\n\t\t\t\t\t\t\t\t\t<p>Avenida de Manoteras, 38 D 613,&nbsp;28050<\/p>\t\t\t\t\t\t\t\t<\/div>\n\t\t\t\t\t<\/div>\n\t\t<\/div>\n\t\t\t\t\t<\/div>\n\t\t<\/section>\n\t\t\t\t<section class=\"elementor-section elementor-inner-section elementor-element elementor-element-e6da8a6 elementor-section-full_width elementor-section-height-default elementor-section-height-default elementor-invisible\" data-id=\"e6da8a6\" data-element_type=\"section\" data-e-type=\"section\" data-settings=\"{&quot;animation&quot;:&quot;fadeInUp&quot;,&quot;animation_delay&quot;:500}\">\n\t\t\t\t\t\t<div class=\"elementor-container elementor-column-gap-no\">\n\t\t\t\t\t<div class=\"elementor-column elementor-col-100 elementor-inner-column elementor-element elementor-element-734e3db\" data-id=\"734e3db\" data-element_type=\"column\" data-e-type=\"column\">\n\t\t\t<div class=\"elementor-widget-wrap elementor-element-populated\">\n\t\t\t\t\t\t<div class=\"elementor-element elementor-element-4e4171b elementor-widget elementor-widget-heading\" data-id=\"4e4171b\" data-element_type=\"widget\" data-e-type=\"widget\" data-widget_type=\"heading.default\">\n\t\t\t\t\t<h2 class=\"elementor-heading-title elementor-size-default\">Barcelona, Espa\u00f1a<\/h2>\t\t\t\t<\/div>\n\t\t\t\t<div class=\"elementor-element elementor-element-ea2375a elementor-widget elementor-widget-button\" data-id=\"ea2375a\" data-element_type=\"widget\" data-e-type=\"widget\" data-widget_type=\"button.default\">\n\t\t\t\t\t\t\t\t\t\t<a class=\"elementor-button elementor-button-link elementor-size-lg\" href=\"https:\/\/goo.gl\/maps\/YXec3LNwQSEgmbJb7\" target=\"_blank\" rel=\"noopener\">\n\t\t\t\t\t\t<span class=\"elementor-button-content-wrapper\">\n\t\t\t\t\t\t<span class=\"elementor-button-icon\">\n\t\t\t\t<i aria-hidden=\"true\" class=\"fas fa-long-arrow-alt-right\"><\/i>\t\t\t<\/span>\n\t\t\t\t\t\t\t\t\t<span class=\"elementor-button-text\">Ver ubicaci\u00f3n<\/span>\n\t\t\t\t\t<\/span>\n\t\t\t\t\t<\/a>\n\t\t\t\t\t\t\t\t<\/div>\n\t\t\t\t<div class=\"elementor-element elementor-element-7f3917b elementor-widget elementor-widget-text-editor\" data-id=\"7f3917b\" data-element_type=\"widget\" data-e-type=\"widget\" data-widget_type=\"text-editor.default\">\n\t\t\t\t\t\t\t\t\tCarrer de San Agust\u00ed 5, Planta 2, 0812\n\t\t\t\t\t\t\t\t<\/div>\n\t\t\t\t\t<\/div>\n\t\t<\/div>\n\t\t\t\t\t<\/div>\n\t\t<\/section>\n\t\t\t\t<section class=\"elementor-section elementor-inner-section elementor-element elementor-element-0e57443 elementor-section-full_width elementor-section-height-default elementor-section-height-default elementor-invisible\" data-id=\"0e57443\" data-element_type=\"section\" data-e-type=\"section\" data-settings=\"{&quot;animation&quot;:&quot;fadeInUp&quot;,&quot;animation_delay&quot;:1000}\">\n\t\t\t\t\t\t<div class=\"elementor-container elementor-column-gap-no\">\n\t\t\t\t\t<div class=\"elementor-column elementor-col-100 elementor-inner-column elementor-element elementor-element-4966358\" data-id=\"4966358\" data-element_type=\"column\" data-e-type=\"column\">\n\t\t\t<div class=\"elementor-widget-wrap elementor-element-populated\">\n\t\t\t\t\t\t<div class=\"elementor-element elementor-element-c5ac610 elementor-widget elementor-widget-heading\" data-id=\"c5ac610\" data-element_type=\"widget\" data-e-type=\"widget\" data-widget_type=\"heading.default\">\n\t\t\t\t\t<h2 class=\"elementor-heading-title elementor-size-default\">Bruselas, B\u00e9lgica<\/h2>\t\t\t\t<\/div>\n\t\t\t\t<div class=\"elementor-element elementor-element-5c9afda elementor-widget elementor-widget-button\" data-id=\"5c9afda\" data-element_type=\"widget\" data-e-type=\"widget\" data-widget_type=\"button.default\">\n\t\t\t\t\t\t\t\t\t\t<a class=\"elementor-button elementor-button-link elementor-size-lg\" href=\"https:\/\/goo.gl\/maps\/WwwHTGCUucDuZmQt9\" target=\"_blank\" rel=\"noopener\">\n\t\t\t\t\t\t<span class=\"elementor-button-content-wrapper\">\n\t\t\t\t\t\t<span class=\"elementor-button-icon\">\n\t\t\t\t<i aria-hidden=\"true\" class=\"fas fa-long-arrow-alt-right\"><\/i>\t\t\t<\/span>\n\t\t\t\t\t\t\t\t\t<span class=\"elementor-button-text\">Ver ubicaci\u00f3n<\/span>\n\t\t\t\t\t<\/span>\n\t\t\t\t\t<\/a>\n\t\t\t\t\t\t\t\t<\/div>\n\t\t\t\t<div class=\"elementor-element elementor-element-4ba059a elementor-widget elementor-widget-text-editor\" data-id=\"4ba059a\" data-element_type=\"widget\" data-e-type=\"widget\" data-widget_type=\"text-editor.default\">\n\t\t\t\t\t\t\t\t\t<p>Avenue de la Chasse 38, 104 Etterbeek<\/p>\t\t\t\t\t\t\t\t<\/div>\n\t\t\t\t\t<\/div>\n\t\t<\/div>\n\t\t\t\t\t<\/div>\n\t\t<\/section>\n\t\t\t\t\t<\/div>\n\t\t<\/div>\n\t\t\t\t<div class=\"elementor-column elementor-col-50 elementor-top-column elementor-element elementor-element-f63b1db elementor-invisible\" data-id=\"f63b1db\" data-element_type=\"column\" data-e-type=\"column\" data-settings=\"{&quot;animation&quot;:&quot;fadeIn&quot;}\">\n\t\t\t<div class=\"elementor-widget-wrap elementor-element-populated\">\n\t\t\t\t\t\t<div class=\"elementor-element elementor-element-fa37391 elementor-widget-laptop__width-initial elementor-button-align-stretch elementor-widget elementor-widget-form\" data-id=\"fa37391\" data-element_type=\"widget\" data-e-type=\"widget\" data-settings=\"{&quot;step_next_label&quot;:&quot;Next&quot;,&quot;step_previous_label&quot;:&quot;Previous&quot;,&quot;step_type&quot;:&quot;none&quot;,&quot;step_icon_shape&quot;:&quot;none&quot;,&quot;button_width&quot;:&quot;100&quot;}\" data-widget_type=\"form.default\">\n\t\t\t\t\t\t\t<form class=\"elementor-form\" method=\"post\" name=\"Contacto\" aria-label=\"Contacto\">\r\n\t\t\t<input type=\"hidden\" name=\"post_id\" value=\"7325\"\/>\r\n\t\t\t<input type=\"hidden\" name=\"form_id\" value=\"fa37391\"\/>\r\n\t\t\t<input type=\"hidden\" name=\"referer_title\" value=\"\" \/>\r\n\r\n\t\t\t\r\n\t\t\t<div class=\"elementor-form-fields-wrapper elementor-labels-above\">\r\n\t\t\t\t\t\t\t\t<div class=\"elementor-field-type-text elementor-field-group elementor-column elementor-field-group-name elementor-col-100\">\r\n\t\t\t\t\t\t\t\t\t\t\t\t<label for=\"form-field-name\" class=\"elementor-field-label\">\r\n\t\t\t\t\t\t\t\tNombre\t\t\t\t\t\t\t<\/label>\r\n\t\t\t\t\t\t\t\t\t\t\t\t\t\t<input size=\"1\" type=\"text\" name=\"form_fields[name]\" id=\"form-field-name\" class=\"elementor-field elementor-size-lg  elementor-field-textual\" placeholder=\"Nombre\">\r\n\t\t\t\t\t\t\t\t\t\t\t<\/div>\r\n\t\t\t\t\t\t\t\t<div class=\"elementor-field-type-email elementor-field-group elementor-column elementor-field-group-email elementor-col-100 elementor-field-required elementor-mark-required\">\r\n\t\t\t\t\t\t\t\t\t\t\t\t<label for=\"form-field-email\" class=\"elementor-field-label\">\r\n\t\t\t\t\t\t\t\tEmail\t\t\t\t\t\t\t<\/label>\r\n\t\t\t\t\t\t\t\t\t\t\t\t\t\t<input size=\"1\" type=\"email\" name=\"form_fields[email]\" id=\"form-field-email\" class=\"elementor-field elementor-size-lg  elementor-field-textual\" placeholder=\"Email\" required=\"required\">\r\n\t\t\t\t\t\t\t\t\t\t\t<\/div>\r\n\t\t\t\t\t\t\t\t<div class=\"elementor-field-type-textarea elementor-field-group elementor-column elementor-field-group-message elementor-col-100\">\r\n\t\t\t\t\t\t\t\t\t\t\t\t<label for=\"form-field-message\" class=\"elementor-field-label\">\r\n\t\t\t\t\t\t\t\tMensaje\t\t\t\t\t\t\t<\/label>\r\n\t\t\t\t\t\t<textarea class=\"elementor-field-textual elementor-field  elementor-size-lg\" name=\"form_fields[message]\" id=\"form-field-message\" rows=\"4\" placeholder=\"Mensaje\"><\/textarea>\t\t\t\t<\/div>\r\n\t\t\t\t\t\t\t\t<div class=\"elementor-field-type-html elementor-field-group elementor-column elementor-field-group-field_a600e9c elementor-col-100\">\r\n\t\t\t\t\t<!-- \ud83e\udde9 Bloque compatible con Elementor + Falang -->\n<div style=\"font-size:12px; line-height:1.4em; margin-top:5px;\">\n  <!-- Texto visible (ES \/ EN) -->\n  <div class=\"i18n-es\">\n    En <strong>Plug&Go<\/strong> (titularidad de Plug&Go Arquitectura Corporativa, S.L.) trataremos la informaci\u00f3n que nos facilites con la finalidad de enviarte informaci\u00f3n relacionada con tu solicitud de informaci\u00f3n sobre nuestros productos y\/o servicios. La base legal para el tratamiento es tu consentimiento. No se realizan cesiones, salvo a los proveedores de servicios de alojamiento de los servidores ubicados dentro de la UE. Podr\u00e1s ejercer los derechos de acceso, rectificaci\u00f3n, limitaci\u00f3n, oposici\u00f3n, portabilidad, o retirar el consentimiento enviando un email a\n    <a href=\"mailto:info@plugandgo.es\">info@plugandgo.es<\/a>. Tambi\u00e9n puedes solicitar la tutela de derechos ante la Autoridad de Control (AEPD). Puedes consultar informaci\u00f3n adicional y detallada sobre protecci\u00f3n de datos en nuestra\n    <a href=\"https:\/\/www.plugandgo.es\/politica-privacidad\/\">Pol\u00edtica de Privacidad<\/a>.\n  <\/div>\n\n  <div class=\"i18n-en\">\n    At <strong>Plug&Go<\/strong> (owned by Plug&Go Arquitectura Corporativa, S.L.), we will process the information you provide for the purpose of sending you information related to your request regarding our products and\/or services. The legal basis for processing your data is your consent. No data transfers are made, except to hosting service providers located within the EU. You may exercise your rights of access, rectification, restriction, objection, portability, or withdraw consent by emailing\n    <a href=\"mailto:info@plugandgo.es\">info@plugandgo.es<\/a>. You may also lodge a complaint with the Supervisory Authority (AEPD). For more details, see our\n    <a href=\"https:\/\/www.plugandgo.es\/en\/politica-privacidad\/\">Privacy Policy<\/a>.\n  <\/div>\n\n  <!-- Tooltip con +Info -->\n  <div class=\"mas-info\" tabindex=\"0\" style=\"display:inline-block; margin-left:6px;\">\n    \u2139 <span style=\"font-size:14px; line-height:16px;\">+ Info<\/span>\n    <div class=\"tooltip-box\">\n      <!-- ES -->\n      <div class=\"i18n-es\">\n        <table class=\"mini-dp-table\">\n          <tr><td colspan=\"2\">Formulario de contacto<\/td><\/tr>\n          <tr><td><strong>Responsable<\/strong><\/td><td>Plug & Go Arquitectura Corporativa, S.L.<\/td><\/tr>\n          <tr><td><strong>Finalidad<\/strong><\/td><td>Enviarte informaci\u00f3n relacionada con tu solicitud de informaci\u00f3n.<\/td><\/tr>\n          <tr><td><strong>Legitimaci\u00f3n<\/strong><\/td><td>Consentimiento<\/td><\/tr>\n          <tr><td><strong>Cesiones<\/strong><\/td><td>No se realizan cesiones, salvo a proveedores de alojamiento dentro de la UE.<\/td><\/tr>\n          <tr><td><strong>Derechos<\/strong><\/td><td>Acceso, rectificaci\u00f3n, limitaci\u00f3n, oposici\u00f3n, portabilidad o retirada del consentimiento.<\/td><\/tr>\n          <tr><td><strong>M\u00e1s informaci\u00f3n<\/strong><\/td><td>Consulta nuestra <a href=\"https:\/\/www.plugandgo.es\/politica-privacidad\/\">Pol\u00edtica de Privacidad<\/a>.<\/td><\/tr>\n        <\/table>\n      <\/div>\n\n      <!-- EN -->\n      <div class=\"i18n-en\">\n        <table class=\"mini-dp-table\">\n          <tr><td colspan=\"2\">Contact form<\/td><\/tr>\n          <tr><td><strong>Controller<\/strong><\/td><td>Plug & Go Arquitectura Corporativa, S.L.<\/td><\/tr>\n          <tr><td><strong>Purpose<\/strong><\/td><td>To send you information related to your request.<\/td><\/tr>\n          <tr><td><strong>Legal basis<\/strong><\/td><td>Consent<\/td><\/tr>\n          <tr><td><strong>Data transfers<\/strong><\/td><td>No transfers, except to EU-based hosting providers.<\/td><\/tr>\n          <tr><td><strong>Rights<\/strong><\/td><td>Access, rectification, restriction, objection, portability, or withdrawal of consent.<\/td><\/tr>\n          <tr><td><strong>More info<\/strong><\/td><td>See our <a href=\"https:\/\/www.plugandgo.es\/en\/politica-privacidad\/\">Privacy Policy<\/a>.<\/td><\/tr>\n        <\/table>\n      <\/div>\n    <\/div>\n  <\/div>\n<\/div>\n\n<style>\n\/* Idioma detectado por el <html lang> *\/\nhtml[lang^=\"es\"] .i18n-en { display: none; }\nhtml[lang^=\"en\"] .i18n-es { display: none; }\n\n\/* Tooltip + ajustes Elementor *\/\n.elementor-form .elementor-field-group,\n.elementor-widget-container { overflow: visible !important; }\n\n.mas-info {\n  position: relative;\n  display: inline-block;\n  cursor: pointer;\n  color: #009688;\n  font-weight: 600;\n}\n.tooltip-box {\n  visibility: hidden;\n  opacity: 0;\n  width: 350px;\n  background: #fff;\n  color: #333;\n  text-align: left;\n  border: 1px solid #ccc;\n  border-radius: 6px;\n  padding: 15px;\n  position: absolute;\n  z-index: 9999;\n  bottom: 120%;\n  left: 50%;\n  transform: translateX(-50%);\n  box-shadow: 0 4px 10px rgba(0,0,0,.15);\n  transition: opacity 0.3s ease;\n  font-size: 12px;\n  line-height: 1.4em;\n  pointer-events: auto;\n}\n.mas-info:hover .tooltip-box,\n.mas-info:focus-within .tooltip-box,\n.mas-info.is-open .tooltip-box {\n  visibility: visible;\n  opacity: 1;\n}\n.mini-dp-table {\n  width: 100%;\n  border-collapse: collapse;\n  margin-top: 10px;\n}\n.mini-dp-table td {\n  border: 1px solid #ddd;\n  padding: 6px 8px;\n  vertical-align: top;\n}\n.mini-dp-table tr:first-child td {\n  background: #009688;\n  color: #fff;\n  font-weight: 600;\n  text-align: center;\n}\n<\/style>\n\n<script>\n\/* Click toggle en m\u00f3vil *\/\ndocument.addEventListener('click', function(e){\n  const trigger = e.target.closest('.mas-info');\n  document.querySelectorAll('.mas-info.is-open').forEach(el => { if(el!==trigger) el.classList.remove('is-open'); });\n  if(trigger){ trigger.classList.toggle('is-open'); }\n});\n<\/script>\n\t\t\t\t<\/div>\r\n\t\t\t\t\t\t\t\t<div class=\"elementor-field-type-acceptance elementor-field-group elementor-column elementor-field-group-checkbox_form elementor-col-100 elementor-field-required elementor-mark-required\">\r\n\t\t\t\t\t\t\t<div class=\"elementor-field-subgroup\">\r\n\t\t\t<span class=\"elementor-field-option\">\r\n\t\t\t\t<input type=\"checkbox\" name=\"form_fields[checkbox_form]\" id=\"form-field-checkbox_form\" class=\"elementor-field elementor-size-lg  elementor-acceptance-field\" required=\"required\">\r\n\t\t\t\t<label for=\"form-field-checkbox_form\">Acepto el tratamiento de mis datos con la finalidad de recibir la informaci\u00f3n solicitada.<\/label>\t\t\t<\/span>\r\n\t\t<\/div>\r\n\t\t\t\t\t\t<\/div>\r\n\t\t\t\t\t\t\t\t<div class=\"elementor-field-group elementor-column elementor-field-type-submit elementor-col-100 e-form__buttons\">\r\n\t\t\t\t\t<button class=\"elementor-button elementor-size-lg\" type=\"submit\">\r\n\t\t\t\t\t\t<span class=\"elementor-button-content-wrapper\">\r\n\t\t\t\t\t\t\t\t\t\t\t\t\t\t\t\t\t\t\t\t\t\t<span class=\"elementor-button-text\">Enviar<\/span>\r\n\t\t\t\t\t\t\t\t\t\t\t\t\t<\/span>\r\n\t\t\t\t\t<\/button>\r\n\t\t\t\t<\/div>\r\n\t\t\t<\/div>\r\n\t\t<\/form>\r\n\t\t\t\t\t\t<\/div>\n\t\t\t\t\t<\/div>\n\t\t<\/div>\n\t\t\t\t\t<\/div>\n\t\t<\/section>\n\t\t\t\t<\/div>\n\t\t","protected":false},"excerpt":{"rendered":"<p>Contact plug&#038;go and let&#8217;s make a project tailored to you a reality.<\/p>\n","protected":false},"author":1,"featured_media":0,"parent":0,"menu_order":0,"comment_status":"closed","ping_status":"closed","template":"","meta":{"footnotes":""},"class_list":["post-7325","page","type-page","status-publish","hentry"],"_links":{"self":[{"href":"https:\/\/www.plugandgo.es\/en\/wp-json\/wp\/v2\/pages\/7325","targetHints":{"allow":["GET"]}}],"collection":[{"href":"https:\/\/www.plugandgo.es\/en\/wp-json\/wp\/v2\/pages"}],"about":[{"href":"https:\/\/www.plugandgo.es\/en\/wp-json\/wp\/v2\/types\/page"}],"author":[{"embeddable":true,"href":"https:\/\/www.plugandgo.es\/en\/wp-json\/wp\/v2\/users\/1"}],"replies":[{"embeddable":true,"href":"https:\/\/www.plugandgo.es\/en\/wp-json\/wp\/v2\/comments?post=7325"}],"version-history":[{"count":32,"href":"https:\/\/www.plugandgo.es\/en\/wp-json\/wp\/v2\/pages\/7325\/revisions"}],"predecessor-version":[{"id":11542,"href":"https:\/\/www.plugandgo.es\/en\/wp-json\/wp\/v2\/pages\/7325\/revisions\/11542"}],"wp:attachment":[{"href":"https:\/\/www.plugandgo.es\/en\/wp-json\/wp\/v2\/media?parent=7325"}],"curies":[{"name":"wp","href":"https:\/\/api.w.org\/{rel}","templated":true}]}}