{"id":9613,"date":"2023-05-29T13:56:15","date_gmt":"2023-05-29T13:56:15","guid":{"rendered":"https:\/\/www.plugandgo.es\/?page_id=9613"},"modified":"2026-01-10T13:24:14","modified_gmt":"2026-01-10T13:24:14","slug":"politica-de-cookies","status":"publish","type":"page","link":"https:\/\/www.plugandgo.es\/en\/politica-de-cookies\/","title":{"rendered":"Cookies policy"},"content":{"rendered":"\t\t<div data-elementor-type=\"wp-page\" data-elementor-id=\"9613\" class=\"elementor elementor-9613\" data-elementor-post-type=\"page\">\n\t\t\t\t\t\t<section class=\"elementor-section elementor-top-section elementor-element elementor-element-f8e2330 elementor-section-boxed elementor-section-height-default elementor-section-height-default\" data-id=\"f8e2330\" data-element_type=\"section\" data-e-type=\"section\">\n\t\t\t\t\t\t<div class=\"elementor-container elementor-column-gap-default\">\n\t\t\t\t\t<div class=\"elementor-column elementor-col-100 elementor-top-column elementor-element elementor-element-9d6c7b7\" data-id=\"9d6c7b7\" data-element_type=\"column\" data-e-type=\"column\">\n\t\t\t<div class=\"elementor-widget-wrap elementor-element-populated\">\n\t\t\t\t\t\t<div class=\"elementor-element elementor-element-e3c98af elementor-widget elementor-widget-heading\" data-id=\"e3c98af\" data-element_type=\"widget\" data-e-type=\"widget\" data-widget_type=\"heading.default\">\n\t\t\t\t\t<h1 class=\"elementor-heading-title elementor-size-default\">Pol\u00edtica de Cookies<\/h1>\t\t\t\t<\/div>\n\t\t\t\t<div class=\"elementor-element elementor-element-61ea3e4 elementor-widget elementor-widget-text-editor\" data-id=\"61ea3e4\" data-element_type=\"widget\" data-e-type=\"widget\" data-widget_type=\"text-editor.default\">\n\t\t\t\t\t\t\t\t\t<p><em><strong>Introducci\u00f3n<\/strong><\/em><\/p><p>En cumplimiento de la Ley 34\/2002, de 11 de julio, de Servicios de la Sociedad de la Informaci\u00f3n y Comercio Electr\u00f3nico informamos al Usuario de la utilizaci\u00f3n de cookies en la web de \u201cPlug &amp; Go\u201d.<\/p><p>Las cookies permiten, entre otras cosas, recopilar informaci\u00f3n estad\u00edstica, facilitar ciertas funcionalidades t\u00e9cnicas, almacenar y recuperar informaci\u00f3n sobre los h\u00e1bitos de navegaci\u00f3n o preferencias de un Usuario o de su equipo y, dependiendo de la informaci\u00f3n que contengan y de la forma en que utilice su equipo, pueden utilizarse para reconocer al Usuario, recordar aspectos del Usuario como su idioma, pa\u00eds, navegador, etc. En caso de no querer recibir cookies, el Usuario podr\u00e1 configurar su navegador para que las borre del disco duro de su ordenador, las bloquee o le avise en su caso de instalaci\u00f3n de las mismas.<\/p><p>Nuestro sitio web utiliza cookies y otras tecnolog\u00edas relacionadas (para mayor comodidad, todas las tecnolog\u00edas se denominan \u201ccookies\u201d). Las cookies tambi\u00e9n son colocadas por terceros a los que hemos contratado. En el siguiente documento te informamos sobre el uso de cookies en nuestra web.<\/p><p><strong><em><b><i>\u00bfQu\u00e9 son las cookies, los scripts o las balizas web?<\/i><\/b><\/em><\/strong><\/p><p>Una cookie es un peque\u00f1o archivo simple que se env\u00eda junto con las p\u00e1ginas de esta web y que el navegador del usuario almacena en el disco duro de su ordenador o de otro dispositivo (smartphone, tablet, televisi\u00f3n conectada\u2026). La informaci\u00f3n almacenada puede ser devuelta a nuestros servidores o a los servidores de terceros relevantes durante una visita posterior.<\/p><p>Un script es un fragmento de c\u00f3digo de programa que se utiliza para hacer que nuestra web funcione correctamente y de forma interactiva. Este c\u00f3digo se ejecuta en nuestro servidor o en el dispositivo del usuario.<\/p><p>Una baliza web (o una etiqueta de p\u00edxel) es una peque\u00f1a e invisible pieza de texto o imagen en una web que se utiliza para hacer seguimiento del tr\u00e1fico en una web. b.<\/p><p><strong><em><b><i>Seg\u00fan la entidad que las gestione, las cookies pueden ser:<\/i><\/b><\/em><\/strong><\/p><ul><li><i><\/i><em><i>Propias<\/i><\/em><\/li><\/ul><p>Las cookies propias son archivos enviados desde nuestros servidores o dominios directamente al dispositivo del usuario. Son originadas y gestionadas por nosotros, y su uso contribuye al correcto funcionamiento y personalizaci\u00f3n de la experiencia del usuario.<\/p><ul><li><i><\/i><em><i>De terceros<\/i><\/em><\/li><\/ul><p>El Sitio Web puede utilizar cookies instaladas por terceros para realizar un an\u00e1lisis estad\u00edstico sobre la navegaci\u00f3n de los usuarios o mostrar contenido publicitario personalizado. Es importante tener en cuenta que, en caso de aceptar las cookies de terceros, ser\u00e1 responsabilidad del usuario eliminarlas desde las opciones del navegador o mediante el sistema proporcionado por el propio tercero.<\/p><p>Tanto esta Web como sus representantes legales no se hacen responsables ni del contenido ni de la veracidad de las pol\u00edticas de privacidad que puedan tener los terceros mencionados en esta pol\u00edtica de cookies. Los navegadores web son las herramientas encargadas de almacenar las cookies, y desde este lugar, los usuarios deben ejercitar su derecho a la eliminaci\u00f3n o desactivaci\u00f3n de las mismas. Ni esta Web ni sus representantes legales pueden garantizar la correcta o incorrecta manipulaci\u00f3n de las cookies por parte de dichos navegadores.<\/p><p><strong><em><b><i>Seg\u00fan su caducidad, las cookies pueden ser:<\/i><\/b><\/em><\/strong><\/p><ul><li><i><\/i><em><em><i>Cookies de Sesi\u00f3n<\/i><\/em><\/em>\u00a0<\/li><\/ul><p>Cookies temporales, permanecen en el archivo de cookies del navegador solo durante la sesi\u00f3n en nuestra web y no se almacenan en el dispositivo despu\u00e9s de cerrar la sesi\u00f3n o el navegador.<\/p><ul><li><i><\/i><em><em><i>Cookies Persistentes<\/i><\/em><\/em>\u00a0<\/li><\/ul><p>Almacenan informaci\u00f3n en el dispositivo y permanecen despu\u00e9s de cerrar la sesi\u00f3n o el navegador. Se utilizan para recordar informaci\u00f3n y configuraciones entre visitas, proporcionando una experiencia personalizada a lo largo del tiempo.<\/p><p><strong><em><b><i>Seg\u00fan su finalidad, las cookies pueden ser:<\/i><\/b><\/em><\/strong><\/p><ul><li><i><\/i><em><i>Cookies t\u00e9cnicas o funcionales<br \/><\/i><\/em><\/li><\/ul><p>Algunas cookies aseguran que ciertas partes de la web funcionen correctamente y que las preferencias de usuario puedan recordarse. Al colocar cookies funcionales, facilitamos la visita y uso de nuestra web. De esta manera, no es necesario introducir repetidamente la misma informaci\u00f3n cuando se visita nuestra web y, por ejemplo, los art\u00edculos permanecen en la cesta de la compra hasta que el usuario finalice la compra. La normativa nos permite colocar estas cookies sin tu consentimiento.<\/p><ul><li><i><\/i><em><i>Cookies anal\u00edticas<\/i><\/em><\/li><\/ul><p>Estas cookies se utilizan para optimizar la experiencia en el sitio web. Estas cookies permiten el seguimiento y an\u00e1lisis del comportamiento de los usuarios de los sitios web. Para su inserci\u00f3n, es necesario el consentimiento del usuario. Esta informaci\u00f3n es valiosa para mejorar y ajustar contenido y dise\u00f1o, asegurando una experiencia m\u00e1s eficiente y personalizada.<\/p><ul><li><i><\/i><em><i>Cookies de publicidad o marketing<\/i><\/em><\/li><\/ul><p>Almacenan informaci\u00f3n del comportamiento de los usuarios obtenida a trav\u00e9s de la observaci\u00f3n continuada de sus h\u00e1bitos de navegaci\u00f3n, lo que permite desarrollar un perfil espec\u00edfico para mostrar publicidad en funci\u00f3n del mismo. Tanto nosotros como terceros recopilamos informaci\u00f3n sobre los resultados de la campa\u00f1a bas\u00e1ndonos en un perfil creado a partir de los clics y la navegaci\u00f3n del usuario. Con estas cookies el usuario, como visitante de la web, est\u00e1 vinculado a un ID \u00fanico. Es necesario el consentimiento del usuario para insertar estas cookies.<\/p><ul><li><i><\/i><em><i>Botones de medios sociales<\/i><\/em><\/li><\/ul><p>Son botones que se utilizan para promocionar p\u00e1ginas (p. ej. \u00abme gusta\u00bb, \u00abpin\u00bb) o compartirlas (p. ej. \u00abtuitear\u00bb) en redes sociales como Facebook. Estos botones funcionan usando c\u00f3digo de estas RRSS; este c\u00f3digo incrusta cookies. Estos botones de redes sociales pueden almacenar y procesar cierta informaci\u00f3n, de esta manera puede ser mostrado un anuncio personalizado.<\/p><p>Al clicar en esos botones, aceptas el uso de cookies por dichas redes sociales, cuya relaci\u00f3n ser\u00e1 exclusivamente regulada por la pol\u00edtica de privacidad de las respectivas entidades. Por favor lee la pol\u00edtica de privacidad de estas redes sociales (que puede cambiar frecuentemente) para saber qu\u00e9 hacen con tus datos (personales) que procesan usando estas cookies.<\/p><p><strong><em><b><i>En esta web se utilizan las siguientes cookies<\/i><\/b><\/em><\/strong><\/p><table><tbody><tr><td width=\"237\"><strong>FINALIDAD<\/strong><\/td><td colspan=\"3\" width=\"393\"><strong>T\u00c9CNICAS<\/strong><\/td><\/tr><tr><td width=\"237\">NOMBRE DE LA COOKIE<\/td><td width=\"231\">DESCRIPCI\u00d3N\/FINALIDAD<\/td><td width=\"67\">GESTI\u00d3N<\/td><td width=\"94\">CADUCIDAD<\/td><\/tr><tr><td width=\"237\"><p>cmplz_banner-status<\/p><p>cmplz_consented_services<\/p><p>cmplz_functional<\/p><p>cmplz_marketing<\/p><p>cmplz_policy_id<\/p><p>cmplz_preferences<\/p><p>cmplz_statistics<\/p><\/td><td width=\"231\">Cookies usadas para recordar la aceptaci\u00f3n de la pol\u00edtica de cookies por parte del usuario.<\/td><td width=\"67\">Propia<\/td><td width=\"94\">Persistente<\/td><\/tr><\/tbody><\/table><p><strong>\u00a0<\/strong><\/p><table><tbody><tr><td width=\"239\"><strong><b>FINALIDAD<\/b><\/strong><\/td><td colspan=\"3\" width=\"391\"><strong><b>ANAL\u00cdTICAS<\/b><\/strong><\/td><\/tr><tr><td width=\"239\">NOMBRE DE LA COOKIE<\/td><td width=\"226\">DESCRIPCI\u00d3N\/FINALIDAD<\/td><td width=\"75\">GESTI\u00d3N<\/td><td width=\"88\">CADUCIDAD<\/td><\/tr><tr><td width=\"239\">_ga,<\/td><td width=\"226\"><p>Cookies de Google Analytics. Informes estad\u00edsticos sobre como los usuarios encuentran la p\u00e1gina web y c\u00f3mo la utilizan: p\u00e1ginas visitadas, tiempo de estancia, tipo de navegador\u2026<\/p><p>_ga: Se usa para distinguir a los usuarios.<\/p><p><a href=\"http:\/\/www.google.com\/intl\/es\/policies\/\" target=\"_blank\" rel=\"noopener\">M\u00e1s informaci\u00f3n<\/a><\/p><\/td><td width=\"75\">De terceros<\/td><td width=\"88\">2 a\u00f1os<\/td><\/tr><\/tbody><\/table><p><strong><em><b><i>\u00a0<\/i><\/b><\/em><\/strong><\/p><p><strong><em><b><i>Consentimiento y configuraci\u00f3n de cookies<\/i><\/b><\/em><\/strong><\/p><p>Cuando visites nuestra web por primera vez, te mostraremos una ventana emergente con una explicaci\u00f3n sobre las cookies (\u201cprimera capa\u201d). Tan pronto como hagas clic en el bot\u00f3n de aceptaci\u00f3n, aceptas que usemos las categor\u00edas de cookies y plugins que has seleccionado en la ventana emergente, tal y como se describe en esta pol\u00edtica de cookies. Puedes desactivar el uso de cookies a trav\u00e9s de tu navegador, o gestionar tus preferencias a trav\u00e9s del banner de gesti\u00f3n de cookies de nuestro sitio web.<\/p><p><strong><em><b><i>Tus derechos con respecto a los datos personales<\/i><\/b><\/em><\/strong><\/p><p>Visita nuestra pol\u00edtica de privacidad para conocer tus derechos con respecto al tratamiento de datos personales, y c\u00f3mo ejercerlos.<\/p><p><strong><em><b><i>Activaci\u00f3n, desactivaci\u00f3n y eliminaci\u00f3n de cookies<\/i><\/b><\/em><\/strong><\/p><p>Puedes utilizar tu navegador de Internet para eliminar las cookies de forma autom\u00e1tica o manual. Tambi\u00e9n puedes especificar que ciertas cookies no pueden ser colocadas. Otra opci\u00f3n es cambiar los ajustes de tu navegador de Internet para que recibas un mensaje cada vez que se coloca una cookie. Para obtener m\u00e1s informaci\u00f3n sobre estas opciones, consulta las instrucciones de la secci\u00f3n de \u00abAyuda\u00bb de tu navegador.<\/p><p>Ten en cuenta que nuestra web puede no funcionar correctamente si todas las cookies est\u00e1n desactivadas. Si borras las cookies de tu navegador, se volver\u00e1n a colocar despu\u00e9s de tu consentimiento cuando vuelvas a visitar nuestras webs.<\/p>\t\t\t\t\t\t\t\t<\/div>\n\t\t\t\t\t<\/div>\n\t\t<\/div>\n\t\t\t\t\t<\/div>\n\t\t<\/section>\n\t\t\t\t<\/div>\n\t\t","protected":false},"excerpt":{"rendered":"<p>Cookies policy<\/p>\n","protected":false},"author":1,"featured_media":0,"parent":0,"menu_order":0,"comment_status":"closed","ping_status":"closed","template":"","meta":{"footnotes":""},"class_list":["post-9613","page","type-page","status-publish","hentry"],"_links":{"self":[{"href":"https:\/\/www.plugandgo.es\/en\/wp-json\/wp\/v2\/pages\/9613","targetHints":{"allow":["GET"]}}],"collection":[{"href":"https:\/\/www.plugandgo.es\/en\/wp-json\/wp\/v2\/pages"}],"about":[{"href":"https:\/\/www.plugandgo.es\/en\/wp-json\/wp\/v2\/types\/page"}],"author":[{"embeddable":true,"href":"https:\/\/www.plugandgo.es\/en\/wp-json\/wp\/v2\/users\/1"}],"replies":[{"embeddable":true,"href":"https:\/\/www.plugandgo.es\/en\/wp-json\/wp\/v2\/comments?post=9613"}],"version-history":[{"count":10,"href":"https:\/\/www.plugandgo.es\/en\/wp-json\/wp\/v2\/pages\/9613\/revisions"}],"predecessor-version":[{"id":11523,"href":"https:\/\/www.plugandgo.es\/en\/wp-json\/wp\/v2\/pages\/9613\/revisions\/11523"}],"wp:attachment":[{"href":"https:\/\/www.plugandgo.es\/en\/wp-json\/wp\/v2\/media?parent=9613"}],"curies":[{"name":"wp","href":"https:\/\/api.w.org\/{rel}","templated":true}]}}